{"id":1304,"date":"2023-11-09T13:36:32","date_gmt":"2023-11-09T12:36:32","guid":{"rendered":"https:\/\/www.hospitalityproject.it\/ristrutturazione-albergo-hotel\/"},"modified":"2024-01-31T18:30:23","modified_gmt":"2024-01-31T17:30:23","slug":"renovation-hotel-hotel","status":"publish","type":"page","link":"https:\/\/www.hospitalityproject.it\/en\/renovation-hotel-hotel\/","title":{"rendered":"Hotel"},"content":{"rendered":"<section class=\"about_sec nascita_sec pt-0\">\r\n\t<div class=\"container-fluid\">\r\n\t\t<div class=\"row\">\r\n\t\t\t<div class=\"col-md-2 ps-md-5 wow fadeInUp\" style=\"visibility: visible; animation-name: fadeInUp;\">\r\n\t\t\t\t<img decoding=\"async\" src=\"\/wp-content\/themes\/hospitalityproject\/assets\/img\/three_dotsvector.svg\" alt=\"icon\" class=\"img-fluid w-100 d-block p-0\">\r\n\t\t\t<\/div>\r\n\t\t\t<div class=\"col-md-5 col-lg-5 ms-auto contect_bg wow fadeInLeft\">\r\n\t\t\t\t<h1 class=\"common_heading mb-md-4 text-white text-end\">Ristrutturazione albergo: come trasformarlo in un hotel di successo.<\/h1>\r\n\t\t\t\t<p class=\"fw-light text-white m-0 text-end\">Offriamo consulenza per la realizzazione e gestione di progetti di costruzione o ristrutturazione di hotel, resort e villaggi turistici. Grazie alla nostra consulenza personalizzata puoi raggiungere i traguardi prefissati senza commettere errori, evitando sprechi di denaro e perdite di tempo.<\/p>\r\n\r\n\t\t\t<\/div>\r\n\t\t\t<div class=\"col-md-5 col-lg-5 px-0 wow fadeInRight\">\r\n\t\t\t\t<img decoding=\"async\" class=\"img-fluid d-block p-0 h-100 object-fit-cover w-100\" src=\"\/wp-content\/uploads\/2023\/11\/progetto-palazzo-mata-08.jpg\" alt=\"ristrutturazione hotel\" \/>\r\n\t\t\t<\/div>\r\n\t\t<\/div>\r\n\t<\/div>\r\n<\/section>\r\n<section class=\"mt-4\">\r\n\t<div class=\"container-fluid\">\r\n\t\t<div class=\"row\">\r\n\t\t\t<div class=\"col-sm-6 ps-sm-0 mb-4 mb-md-0\"><img decoding=\"async\" class=\"img-fluid w-100\" src=\"\/wp-content\/uploads\/2023\/11\/progetto-castadiva-03.jpg\" alt=\"image\" \/><\/div>\r\n\t\t\t<div class=\"col-sm-6 pe-sm-0\"><img decoding=\"async\" class=\"img-fluid w-100\" src=\"\/wp-content\/uploads\/2023\/11\/progetto-castadiva-04.jpg\" alt=\"image\" \/><\/div>\r\n\t\t<\/div>\r\n\t<\/div>\r\n<\/section>\r\n<section class=\"teams_sec\">\r\n\t<div class=\"container-fluid\">\r\n\t\t<div class=\"row\">\r\n\t\t\t<div class=\"col-md-5 ms-auto\">\r\n\t\t\t\t<h2 class=\"common_heading mb-md-4 wow fadeInUp text-md-end pe-md-5\">Ristrutturazione albergo: come ottenere il massimo dai tuoi investimenti.<\/h2>\r\n\t\t\t<\/div>\r\n\t\t\t<div class=\"col-md-6 wow fadeInRight\">\r\n\t\t\t\t<p class=\"fw-light\">Una ristrutturazione ben fatta pu\u00f2 portare a numerosi benefici per il tuo hotel, tra cui:<\/p>\r\n\r\n\t\t\t\t<ul>\r\n\t\t\t\t\t<li>Aumento dei profitti: un hotel rinnovato \u00e8 pi\u00f9 attraente per i clienti e pu\u00f2 quindi aumentare le tariffe e il numero di prenotazioni.<\/li>\r\n\t\t\t\t\t<li>Miglioramento dell\u2019esperienza dei clienti: un hotel moderno e confortevole offre ai tuoi ospiti un soggiorno pi\u00f9 piacevole e memorabile.<\/li>\r\n\t\t\t\t\t<li>Miglioramento della posizione competitiva: un hotel rinnovato \u00e8 pi\u00f9 competitivo sul mercato e pu\u00f2 quindi attirare nuovi clienti.<\/li>\r\n\t\t\t\t<\/ul>\r\n\r\n\t\t\t<\/div>\r\n\t\t<\/div>\r\n\t<\/div>\r\n<\/section>\r\n<section>\r\n\t<div class=\"container-fluid\">\r\n\t\t<div class=\"row\"><img decoding=\"async\" class=\"img-fluid p-0 d-block w-100\" src=\"\/wp-content\/themes\/hospitalityproject\/assets\/img\/full-hotel.png\" alt=\"image\" \/><\/div>\r\n\t<\/div>\r\n<\/section>\r\n\r\n<section class=\"teams_sec\">\r\n\t<div class=\"container-fluid\">\r\n\t\t<div class=\"row\">\r\n\t\t\t<div class=\"col-md-5 ms-auto\">\r\n\t\t\t\t<h3 class=\"common_heading mb-md-4 wow fadeInUp text-md-end pe-md-5\">Perch\u00e9 sceglierci per la ristrutturazione del tuo hotel.<\/h3>\r\n\t\t\t<\/div>\r\n\t\t\t<div class=\"col-md-6 wow fadeInRight\">\r\n\t\t\t\t<p class=\"fw-light\">Se vuoi ristrutturare il tuo hotel, \u00e8 importante scegliere una societ\u00e0 che abbia esperienza, competenza e un portfolio di lavori di alta qualit\u00e0.<\/p>\r\n\r\n\t\t\t\t<p class=\"fw-light\">Hospitality Project \u00e8 la scelta giusta per te se stai cercando:<\/p>\r\n\r\n\t\t\t\t<ul class=\"fw-light mb-3\">\r\n\t\t\t\t\t<li>Una societ\u00e0 con esperienza e competenza nel settore della ristrutturazione di hotel.<\/li>\r\n\t\t\t\t\t<li>Un team di professionisti che ti aiuter\u00e0 a trasformare il tuo hotel in un successo.<\/li>\r\n\t\t\t\t\t<li>Un servizio di qualit\u00e0 che ti garantir\u00e0 il massimo ritorno sui tuoi investimenti.<\/li>\r\n\t\t\t\t<\/ul>\r\n\r\n\t\t\t\t<p class=\"fw-light\">Contattaci oggi stesso per saperne di pi\u00f9 sui nostri servizi e per iniziare a pianificare la ristrutturazione del tuo hotel.<\/p>\r\n\r\n\t\t\t<\/div>\r\n\t\t<\/div>\r\n\t<\/div>\r\n<\/section>\r\n\r\n<section class=\"progetti_sec\">\t \r\n\t<div class=\"container-fluid\">\t \r\n\t\t<div class=\"row\">\t \r\n\t\t\t<div class=\"col-md-4 col-xl-3 text-end pe-lg-5 pt-lg-0 pt-xl-5 mt-md-5\">\t \r\n\t\t\t\t<div class=\"center_content wow fadeInLeft\">\t \r\n\t\t\t\t\t<p class=\"fw-light\">Guarda i nostri progetti di ristrutturazione albergo per vedere come possiamo aiutare anche la tua azienda a trasformare il tuo hotel in un successo.<\/p>\t \r\n\t\t\t\t\t<a href=\"?p=31\" class=\"darkbtn mt-4 text-uppercase\">Scopri tutti<i class=\"fa-solid fa-arrow-right float-end mt-1\"><\/i><\/a>\r\n\t\t\t\t<\/div>\t \r\n\t\t\t<\/div>\t \r\n\t\t\t<div class=\"col-md-8 col-xl-9 right_slide pe-md-0 wow fadeInRight mt-5 mt-md-0\">\t \r\n\t\t\t\t<h3 class=\"common_heading mb-md-4\">I progetti<\/h3>\t \r\n\t\t\t\t\n    <div class=\"swiper pro_slider\">\n        <div class=\"swiper-wrapper\">\n                            <div class=\"swiper-slide\">\n                    <div class=\"box_clss\">\n                        <img decoding=\"async\" src=\"https:\/\/www.hospitalityproject.it\/wp-content\/uploads\/2023\/11\/progetto-the-sign-01-1-380x380.jpg\" alt=\"progetto-the-sign-01\" class=\"img-fluid\">\n                        <div class=\"card_textt\">\n                            <a href=\"https:\/\/www.hospitalityproject.it\/en\/progetto-the-sign-double-tree-hotel\/\">\n                                <h4 class=\"title_text\">Progetto The Sign (Double Tree Hotel)<\/h4>\n                                <small>Yerevan, Armenia<\/small>\n                            <\/a>\n                        <\/div>\n                    <\/div>\n                <\/div>\n                        <div class=\"swiper-slide\">\n                <div class=\"box_clss\">\n                    <!-- <img decoding=\"async\" src=\"\" alt=\"\" class=\"img-fluid\"> -->\n                    <div class=\"card_textt\">\n                        <a href=\"\/?p=31>\">\n                            <h4 class=\"title_text\">Scopri tutti i progetti<\/h4>\n                            <small><\/small>\n                        <\/a>\n                    <\/div>\n                <\/div>\n            <\/div>\n        <\/div>\n        <div class=\"custom_pagination mt-4\">\n            <div class=\"swiper-button-prev\"><i class=\"fa-solid fa-arrow-left-long\"><\/i><\/div>\n            <div class=\"swiper-button-next\"><i class=\"fa-solid fa-arrow-right-long\"><\/i><\/div>\n        <\/div>\n    <\/div>\n\n\n\n\r\n\t\t\t\t\t<\/div>\t \r\n\t\t<\/div>\t \r\n\t<\/div>\t \r\n<\/section>\r\n\r\n","protected":false},"excerpt":{"rendered":"<p>Ristrutturazione albergo: come trasformarlo in un hotel di successo. Offriamo consulenza per la realizzazione e gestione di progetti di costruzione o ristrutturazione di hotel, resort e villaggi turistici. Grazie alla nostra consulenza personalizzata puoi raggiungere i traguardi prefissati senza commettere errori, evitando sprechi di denaro e perdite di tempo. Ristrutturazione albergo: come ottenere il massimo [&hellip;]<\/p>\n","protected":false},"author":1,"featured_media":1035,"parent":0,"menu_order":0,"comment_status":"closed","ping_status":"closed","template":"","meta":{"inline_featured_image":false,"footnotes":""},"class_list":["post-1304","page","type-page","status-publish","has-post-thumbnail","hentry"],"acf":[],"_links":{"self":[{"href":"https:\/\/www.hospitalityproject.it\/en\/wp-json\/wp\/v2\/pages\/1304","targetHints":{"allow":["GET"]}}],"collection":[{"href":"https:\/\/www.hospitalityproject.it\/en\/wp-json\/wp\/v2\/pages"}],"about":[{"href":"https:\/\/www.hospitalityproject.it\/en\/wp-json\/wp\/v2\/types\/page"}],"author":[{"embeddable":true,"href":"https:\/\/www.hospitalityproject.it\/en\/wp-json\/wp\/v2\/users\/1"}],"replies":[{"embeddable":true,"href":"https:\/\/www.hospitalityproject.it\/en\/wp-json\/wp\/v2\/comments?post=1304"}],"version-history":[{"count":1,"href":"https:\/\/www.hospitalityproject.it\/en\/wp-json\/wp\/v2\/pages\/1304\/revisions"}],"predecessor-version":[{"id":1305,"href":"https:\/\/www.hospitalityproject.it\/en\/wp-json\/wp\/v2\/pages\/1304\/revisions\/1305"}],"wp:featuredmedia":[{"embeddable":true,"href":"https:\/\/www.hospitalityproject.it\/en\/wp-json\/wp\/v2\/media\/1035"}],"wp:attachment":[{"href":"https:\/\/www.hospitalityproject.it\/en\/wp-json\/wp\/v2\/media?parent=1304"}],"curies":[{"name":"wp","href":"https:\/\/api.w.org\/{rel}","templated":true}]}}