{"id":1287,"date":"2023-11-09T13:37:17","date_gmt":"2023-11-09T12:37:17","guid":{"rendered":"https:\/\/www.hospitalityproject.it\/ristrutturare-ristorante\/"},"modified":"2024-01-31T18:19:46","modified_gmt":"2024-01-31T17:19:46","slug":"renovate-restaurant","status":"publish","type":"page","link":"https:\/\/www.hospitalityproject.it\/en\/renovate-restaurant\/","title":{"rendered":"Restaurant"},"content":{"rendered":"<section class=\"about_sec nascita_sec pt-0\">\r\n\t<div class=\"container-fluid\">\r\n\t\t<div class=\"row\">\r\n\t\t\t<div class=\"col-md-6 col-lg-5 ms-auto contect_bg wow fadeInLeft\">\r\n\t\t\t\t<h1 class=\"common_heading mb-md-4 text-white text-end\">Ristrutturare Ristorante<\/h1>\r\n\t\t\t\t<p class=\"fw-light text-white mb-5 text-end\">Offriamo consulenza per la realizzazione e gestione di progetti di ristoranti, food court e food chain. La nostra consulenza personalizzata ti guider\u00e0 attraverso ogni fase, garantendo il raggiungimento degli obiettivi senza errori e ottimizzando l&#8217;uso di risorse, tenendo conto delle esigenze specifiche del settore ristorazione.<\/p>\r\n\t\t\t\t<a class=\"darkbtn btnwhite text-uppercase mt-5\" href=\"?p=24\">\r\n\t\t\t\t\tChiedi info\r\n\t\t\t\t\t<i class=\"fa-solid fa-arrow-right float-end mt-1\"><\/i>\r\n\t\t\t\t<\/a>\r\n\t\t\t<\/div>\r\n\t\t\t<div class=\"col-md-6 col-lg-5 px-0 wow fadeInRight\">\r\n\t\t\t\t<img decoding=\"async\" src=\"\/wp-content\/uploads\/2023\/11\/progetto-palazzo-castri-1874-firenze-03.jpg\" alt=\"ristorante\" class=\"img-fluid d-block p-0 h-100 object-fit-cover w-100\" \/>\r\n\t\t\t<\/div>\r\n\t\t<\/div>\r\n\t<\/div>\r\n<\/section>\r\n<section class=\"mt-4\">\r\n\t<div class=\"container-fluid\">\r\n\t\t<div class=\"row\">\r\n\t\t\t<div class=\"col-sm-6 ps-sm-0 mb-4 mb-md-0\">\r\n\t\t\t\t<img decoding=\"async\" src=\"\/wp-content\/uploads\/2023\/11\/progetto-dante-lugano-05.jpg\" alt=\"ristorante\" class=\"img-fluid w-100\" \/>\r\n\t\t\t<\/div>\r\n\t\t\t<div class=\"col-sm-6 pe-sm-0\">\r\n\t\t\t\t<img decoding=\"async\" src=\"\/wp-content\/uploads\/2023\/12\/Settore-ristorazione-3.jpg\" alt=\"ristorante\" class=\"img-fluid w-100\" \/>\r\n\t\t\t<\/div>\r\n\t\t<\/div>\r\n\t<\/div>\r\n<\/section>\r\n<section class=\"teams_sec\">\r\n\t<div class=\"container-fluid\">\r\n\t\t<div class=\"row\">\r\n\t\t\t<div class=\"col-md-5 ms-auto\">\r\n\t\t\t\t<h2 class=\"common_heading mb-md-4 wow fadeInUp text-md-end pe-md-5\">Servizi di Hospitality Project per ristrutturare ristorante o avviarlo da zero.<\/h2>\r\n\t\t\t<\/div>\r\n\t\t\t<div class=\"col-md-6 wow fadeInRight\">\r\n\t\t\t\t<p class=\"fw-light\">Per lo sviluppo dei progetti di ristorazione, seguiamo lo stesso approccio utilizzato per gli hotel. La nostra consulenza personalizzata ti guider\u00e0 attraverso ogni fase, garantendo:<\/p>\r\n\t\t\t\t<ul class=\"fw-light mb-3\">\r\n\t\t\t\t\t<li>Aumento dei profitti: un ristorante rinnovato \u00e8 pi\u00f9 attraente per i clienti e pu\u00f2 quindi aumentare le tariffe.<\/li>\r\n\t\t\t\t\t<li>Miglioramento dell\u2019esperienza dei clienti: un ristorante moderno offre ai tuoi ospiti un\u2019esperienza pi\u00f9 piacevole e memorabile.<\/li>\r\n\t\t\t\t\t<li>Miglioramento della posizione competitiva: un ristorante rinnovato \u00e8 pi\u00f9 competitivo sul mercato e pu\u00f2 quindi attirare nuovi clienti.<\/li>\r\n\t\t\t\t<\/ul>\r\n\t\t\t<\/div>\r\n\t\t<\/div>\r\n\r\n\t<\/div>\r\n<\/section>\r\n\r\n<div class=\"container-fluid\">\r\n\t<div class=\"row\">\r\n\t\t<img decoding=\"async\" src=\"\/wp-content\/uploads\/2023\/12\/Settore-ristorazione-4.jpg\" alt=\"ristorante\" class=\"img-fluid p-0 d-block w-100\" \/>\r\n\t<\/div>\r\n<\/div>\r\n\r\n<section class=\"teams_sec\">\r\n\t<div class=\"container-fluid\">\r\n\t\t<div class=\"row\">\r\n\t\t\t<div class=\"col-md-5 ms-auto\">\r\n\t\t\t\t<h3 class=\"common_heading mb-md-4 wow fadeInUp text-md-end pe-md-5\">Perch\u00e9 sceglierci per ristrutturare il ristorante.<\/h3>\r\n\r\n\t\t\t\t<a class=\"darkbtn text-uppercase mt-5\" href=\"?p=24\">\r\n\t\t\t\t\tChiedi info\r\n\t\t\t\t\t<i class=\"fa-solid fa-arrow-right float-end mt-1\"><\/i>\r\n\t\t\t\t<\/a>\r\n\r\n\t\t\t<\/div>\r\n\t\t\t<div class=\"col-md-6 wow fadeInRight\">\r\n\t\t\t<p class=\"fw-light mb-5\">Se vuoi ristrutturare il tuo ristorante, \u00e8 importante scegliere una societ\u00e0 che abbia esperienza, competenza e un portfolio di lavori di alta qualit\u00e0.<\/p>\r\n\t\t\t\t<p class=\"fw-light\">Hospitality Project \u00e8 la scelta giusta per te se stai cercando:<\/p>\r\n\t\t\t\t<ul class=\"fw-light mb-3\">\r\n\t\t\t\t\t<li>Una societ\u00e0 con esperienza e competenza nel settore della ristrutturazione di ristoranti.<\/li>\r\n\t\t\t\t\t<li>Un team di professionisti che ti aiuter\u00e0 a trasformare il tuo ristorante in un successo.<\/li>\r\n\t\t\t\t\t<li>Un servizio di qualit\u00e0 che ti garantir\u00e0 il massimo ritorno sui tuoi investimenti.<\/li>\r\n\t\t\t\t<\/ul>\r\n\t\t\t<\/div>\r\n\t\t<\/div>\r\n\t<\/div>\r\n<\/section>\r\n<!--\r\n<section class=\"progetti_sec\">\t \r\n\t<div class=\"container-fluid\">\t \r\n\t\t<div class=\"row\">\t \r\n\t\t\t<div class=\"col-md-4 col-xl-3 text-end pe-lg-5 pt-lg-0 pt-xl-5 mt-md-5\">\t \r\n\t\t\t\t<div class=\"center_content wow fadeInLeft\">\t \r\n\t\t\t\t\t<p class=\"fw-light\">Guarda i nostri progetti di ristrutturazione ristorante per vedere come possiamo aiutare anche la tua azienda a trasformare il tuo ristorante in un successo.<\/p>\t \r\n\t\t\t\t\t<a href=\"?p=31\" class=\"darkbtn mt-4 text-uppercase\">Scopri tutti<i class=\"fa-solid fa-arrow-right float-end mt-1\"><\/i><\/a>\r\n\t\t\t\t<\/div>\t \r\n\t\t\t<\/div>\t \r\n\t\t\t<div class=\"col-md-8 col-xl-9 right_slide pe-md-0 wow fadeInRight mt-5 mt-md-0\">\t \r\n\t\t\t\t<h3 class=\"common_heading mb-md-4\">I progetti<\/h3>\t \r\n\t\t\t\t[carosello_progetti categoria=\"rist\"]\r\n\t\t\t\t\t<\/div>\t \r\n\t\t<\/div>\t \r\n\t<\/div>\t \r\n<\/section>\r\n-->\r\n","protected":false},"excerpt":{"rendered":"<p>Ristrutturare Ristorante Offriamo consulenza per la realizzazione e gestione di progetti di ristoranti, food court e food chain. La nostra consulenza personalizzata ti guider\u00e0 attraverso ogni fase, garantendo il raggiungimento degli obiettivi senza errori e ottimizzando l&#8217;uso di risorse, tenendo conto delle esigenze specifiche del settore ristorazione. Chiedi info Servizi di Hospitality Project per ristrutturare [&hellip;]<\/p>\n","protected":false},"author":1,"featured_media":1037,"parent":0,"menu_order":0,"comment_status":"closed","ping_status":"closed","template":"","meta":{"inline_featured_image":false,"footnotes":""},"class_list":["post-1287","page","type-page","status-publish","has-post-thumbnail","hentry"],"acf":[],"_links":{"self":[{"href":"https:\/\/www.hospitalityproject.it\/en\/wp-json\/wp\/v2\/pages\/1287","targetHints":{"allow":["GET"]}}],"collection":[{"href":"https:\/\/www.hospitalityproject.it\/en\/wp-json\/wp\/v2\/pages"}],"about":[{"href":"https:\/\/www.hospitalityproject.it\/en\/wp-json\/wp\/v2\/types\/page"}],"author":[{"embeddable":true,"href":"https:\/\/www.hospitalityproject.it\/en\/wp-json\/wp\/v2\/users\/1"}],"replies":[{"embeddable":true,"href":"https:\/\/www.hospitalityproject.it\/en\/wp-json\/wp\/v2\/comments?post=1287"}],"version-history":[{"count":2,"href":"https:\/\/www.hospitalityproject.it\/en\/wp-json\/wp\/v2\/pages\/1287\/revisions"}],"predecessor-version":[{"id":1289,"href":"https:\/\/www.hospitalityproject.it\/en\/wp-json\/wp\/v2\/pages\/1287\/revisions\/1289"}],"wp:featuredmedia":[{"embeddable":true,"href":"https:\/\/www.hospitalityproject.it\/en\/wp-json\/wp\/v2\/media\/1037"}],"wp:attachment":[{"href":"https:\/\/www.hospitalityproject.it\/en\/wp-json\/wp\/v2\/media?parent=1287"}],"curies":[{"name":"wp","href":"https:\/\/api.w.org\/{rel}","templated":true}]}}