{"id":1059,"date":"2023-11-02T13:42:57","date_gmt":"2023-11-02T12:42:57","guid":{"rendered":"https:\/\/www.hospitalityproject.it\/processo\/"},"modified":"2024-01-31T18:24:48","modified_gmt":"2024-01-31T17:24:48","slug":"process","status":"publish","type":"page","link":"https:\/\/www.hospitalityproject.it\/en\/process\/","title":{"rendered":"Process"},"content":{"rendered":"<section class=\"about_sec nascita_sec pt-0\">\r\n\t<div class=\"container-fluid\">\r\n\t\t<div class=\"row\">\r\n\t\t\t<div class=\"col-md-2 ps-md-5 wow fadeInUp\"><img decoding=\"async\" class=\"img-fluid w-100 d-block p-0\" src=\"\/wp-content\/themes\/hospitalityproject\/assets\/img\/three_dotsvector.svg\" alt=\"icon\" \/><\/div>\r\n\t\t\t<div class=\"col-md-5 ms-auto contect_bg wow fadeInLeft order-2 order-md-1\">\r\n\t\t\t\t<h1 class=\"common_heading mb-md-4 text-white text-end\">Il processo \u00e8 ci\u00f2 che porta ai risultati.<\/h1>\r\n\t\t\t\t<h2 class=\"fw-light text-white m-0 text-end\">Le nostre qualifiche distintive sono la tempestivit\u00e0 e l\u2019efficienza con cui operiamo, in possesso di un esperienza settoriale e specialistica, garantita da un focus unico e molto verticale sull\u2019hospitality.<\/h2>\r\n\t\t\t<\/div>\r\n\t\t\t<div class=\"col-md-5 px-0 wow fadeInRight order-1 order-md-2\"><img decoding=\"async\" class=\"img-fluid d-block p-0 h-100 object-fit-cover w-100\" src=\"\/wp-content\/uploads\/2023\/12\/Processo-2-scaled-e1702639652634.jpg\" alt=\"image\" \/><\/div>\r\n\t\t<\/div>\r\n\t<\/div>\r\n<\/section>","protected":false},"excerpt":{"rendered":"<p>Il processo \u00e8 ci\u00f2 che porta ai risultati. Le nostre qualifiche distintive sono la tempestivit\u00e0 e l\u2019efficienza con cui operiamo, in possesso di un esperienza settoriale e specialistica, garantita da un focus unico e molto verticale sull\u2019hospitality.<\/p>\n","protected":false},"author":1,"featured_media":1226,"parent":0,"menu_order":0,"comment_status":"closed","ping_status":"closed","template":"page-processo.php","meta":{"inline_featured_image":false,"footnotes":""},"class_list":["post-1059","page","type-page","status-publish","has-post-thumbnail","hentry"],"acf":[],"_links":{"self":[{"href":"https:\/\/www.hospitalityproject.it\/en\/wp-json\/wp\/v2\/pages\/1059","targetHints":{"allow":["GET"]}}],"collection":[{"href":"https:\/\/www.hospitalityproject.it\/en\/wp-json\/wp\/v2\/pages"}],"about":[{"href":"https:\/\/www.hospitalityproject.it\/en\/wp-json\/wp\/v2\/types\/page"}],"author":[{"embeddable":true,"href":"https:\/\/www.hospitalityproject.it\/en\/wp-json\/wp\/v2\/users\/1"}],"replies":[{"embeddable":true,"href":"https:\/\/www.hospitalityproject.it\/en\/wp-json\/wp\/v2\/comments?post=1059"}],"version-history":[{"count":6,"href":"https:\/\/www.hospitalityproject.it\/en\/wp-json\/wp\/v2\/pages\/1059\/revisions"}],"predecessor-version":[{"id":1295,"href":"https:\/\/www.hospitalityproject.it\/en\/wp-json\/wp\/v2\/pages\/1059\/revisions\/1295"}],"wp:featuredmedia":[{"embeddable":true,"href":"https:\/\/www.hospitalityproject.it\/en\/wp-json\/wp\/v2\/media\/1226"}],"wp:attachment":[{"href":"https:\/\/www.hospitalityproject.it\/en\/wp-json\/wp\/v2\/media?parent=1059"}],"curies":[{"name":"wp","href":"https:\/\/api.w.org\/{rel}","templated":true}]}}